{"id":12,"date":"2024-08-19T11:54:45","date_gmt":"2024-08-19T11:54:45","guid":{"rendered":"https:\/\/shop.ouxadi.fr\/cart\/"},"modified":"2024-12-05T15:22:24","modified_gmt":"2024-12-05T15:22:24","slug":"cart","status":"publish","type":"page","link":"https:\/\/shop.ouxadi.fr\/fr\/cart\/","title":{"rendered":"Chariot"},"content":{"rendered":"<div data-block-name=\"woocommerce\/cart\" class=\"wp-block-woocommerce-cart alignwide is-loading\"><div data-block-name=\"woocommerce\/filled-cart-block\" class=\"wp-block-woocommerce-filled-cart-block\"><div data-block-name=\"woocommerce\/cart-items-block\" class=\"wp-block-woocommerce-cart-items-block\"><div data-block-name=\"woocommerce\/cart-line-items-block\" class=\"wp-block-woocommerce-cart-line-items-block\"><\/div>\n\n<div data-block-name=\"woocommerce\/cart-cross-sells-block\" class=\"wp-block-woocommerce-cart-cross-sells-block\"><h2 class=\"wp-block-heading has-large-font-size\">Vous pourriez \u00eatre int\u00e9ress\u00e9 par...<\/h2>\n\n<div data-block-name=\"woocommerce\/cart-cross-sells-products-block\" class=\"wp-block-woocommerce-cart-cross-sells-products-block\"><\/div><\/div><\/div>\n\n<div data-block-name=\"woocommerce\/cart-totals-block\" class=\"wp-block-woocommerce-cart-totals-block\"><div data-block-name=\"woocommerce\/cart-order-summary-block\" class=\"wp-block-woocommerce-cart-order-summary-block\"><div data-block-name=\"woocommerce\/cart-order-summary-heading-block\" class=\"wp-block-woocommerce-cart-order-summary-heading-block\"><\/div><div data-block-name=\"woocommerce\/cart-order-summary-coupon-form-block\" class=\"wp-block-woocommerce-cart-order-summary-coupon-form-block\"><\/div><div data-block-name=\"woocommerce\/cart-order-summary-totals-block\" class=\"wp-block-woocommerce-cart-order-summary-totals-block\">\n<div data-block-name=\"woocommerce\/cart-order-summary-subtotal-block\" class=\"wp-block-woocommerce-cart-order-summary-subtotal-block\"><\/div>\n<div data-block-name=\"woocommerce\/cart-order-summary-discount-block\" class=\"wp-block-woocommerce-cart-order-summary-discount-block\"><\/div>\n<div data-block-name=\"woocommerce\/cart-order-summary-fee-block\" class=\"wp-block-woocommerce-cart-order-summary-fee-block\"><\/div>\n<div data-block-name=\"woocommerce\/cart-order-summary-shipping-block\" class=\"wp-block-woocommerce-cart-order-summary-shipping-block\"><\/div>\n<div data-block-name=\"woocommerce\/cart-order-summary-taxes-block\" class=\"wp-block-woocommerce-cart-order-summary-taxes-block\"><\/div><\/div><\/div>\n\n<div data-block-name=\"woocommerce\/cart-express-payment-block\" class=\"wp-block-woocommerce-cart-express-payment-block\"><\/div>\n\n<div data-block-name=\"woocommerce\/proceed-to-checkout-block\" class=\"wp-block-woocommerce-proceed-to-checkout-block\"><\/div>\n\n<div data-block-name=\"woocommerce\/cart-accepted-payment-methods-block\" class=\"wp-block-woocommerce-cart-accepted-payment-methods-block\"><\/div><\/div><\/div>\n\n<div data-block-name=\"woocommerce\/empty-cart-block\" class=\"wp-block-woocommerce-empty-cart-block\"><h2 class=\"wp-block-heading has-text-align-center with-empty-cart-icon wc-block-cart__empty-cart__title\">Votre panier est actuellement vide !<\/h2>\n\n<hr class=\"wp-block-separator has-alpha-channel-opacity is-style-dots\"\/>\n\n<h2 class=\"wp-block-heading has-text-align-center\">Nouveau en magasin<\/h2>\n\n<div data-block-name=\"woocommerce\/product-new\" data-columns=\"4\" data-rows=\"1\" class=\"wc-block-grid wp-block-product-new wp-block-woocommerce-product-new wc-block-product-new has-4-columns\"><ul class=\"wc-block-grid__products\"><li class=\"wc-block-grid__product\">\n\t\t\t\t<a href=\"https:\/\/shop.ouxadi.fr\/fr\/produit\/atlas-majesty\/\" class=\"wc-block-grid__product-link\">\n\t\t\t\t\t\n\t\t\t\t\t<div class=\"wc-block-grid__product-image\"><img loading=\"lazy\" decoding=\"async\" width=\"350\" height=\"350\" src=\"https:\/\/shop.ouxadi.fr\/wp-content\/uploads\/2024\/12\/Atlas-poster-350x350.jpg\" class=\"attachment-woocommerce_thumbnail size-woocommerce_thumbnail\" alt=\"Atlas Majesty\" srcset=\"https:\/\/shop.ouxadi.fr\/wp-content\/uploads\/2024\/12\/Atlas-poster-350x350.jpg 350w, https:\/\/shop.ouxadi.fr\/wp-content\/uploads\/2024\/12\/Atlas-poster-300x300.jpg 300w, https:\/\/shop.ouxadi.fr\/wp-content\/uploads\/2024\/12\/Atlas-poster-1024x1024.jpg 1024w, https:\/\/shop.ouxadi.fr\/wp-content\/uploads\/2024\/12\/Atlas-poster-150x150.jpg 150w, https:\/\/shop.ouxadi.fr\/wp-content\/uploads\/2024\/12\/Atlas-poster-768x768.jpg 768w, https:\/\/shop.ouxadi.fr\/wp-content\/uploads\/2024\/12\/Atlas-poster-12x12.jpg 12w, https:\/\/shop.ouxadi.fr\/wp-content\/uploads\/2024\/12\/Atlas-poster-680x680.jpg 680w, https:\/\/shop.ouxadi.fr\/wp-content\/uploads\/2024\/12\/Atlas-poster-100x100.jpg 100w, https:\/\/shop.ouxadi.fr\/wp-content\/uploads\/2024\/12\/Atlas-poster.jpg 1270w\" sizes=\"(max-width: 350px) 100vw, 350px\" \/><\/div>\n\t\t\t\t\t<div class=\"wc-block-grid__product-title\">Majest\u00e9 de l'Atlas<\/div>\n\t\t\t\t<\/a>\n\t\t\t\t<div class=\"wc-block-grid__product-price price\" data-no-translation=\"\" data-trp-gettext=\"\"><span class=\"woocommerce-Price-amount amount\">35,00&nbsp;<span class=\"woocommerce-Price-currencySymbol\">&euro;<\/span><\/span> &#8211; <span class=\"woocommerce-Price-amount amount\">45,00&nbsp;<span class=\"woocommerce-Price-currencySymbol\">&euro;<\/span><\/span><\/div>\n\t\t\t\t\n\t\t\t\t<div class=\"wp-block-button wc-block-grid__product-add-to-cart\"><a href=\"https:\/\/shop.ouxadi.fr\/fr\/produit\/atlas-majesty\/\" aria-label=\"S\u00e9lectionner les options pour \u201cAtlas Majesty\u201d\" data-quantity=\"1\" data-product_id=\"1440\" data-product_sku=\"SKY-330542\" data-price=\"35\" rel=\"nofollow\" class=\"wp-block-button__link  add_to_cart_button\" data-no-translation=\"\" data-trp-gettext=\"\" data-no-translation-aria-label=\"\">Choix des options<\/a><\/div>\n\t\t\t<\/li><li class=\"wc-block-grid__product\">\n\t\t\t\t<a href=\"https:\/\/shop.ouxadi.fr\/fr\/produit\/skyward-serenity\/\" class=\"wc-block-grid__product-link\">\n\t\t\t\t\t\n\t\t\t\t\t<div class=\"wc-block-grid__product-image\"><img loading=\"lazy\" decoding=\"async\" width=\"350\" height=\"350\" src=\"https:\/\/shop.ouxadi.fr\/wp-content\/uploads\/2024\/12\/ox-collection-350x350.jpg\" class=\"attachment-woocommerce_thumbnail size-woocommerce_thumbnail\" alt=\"Skyward Serenity\" srcset=\"https:\/\/shop.ouxadi.fr\/wp-content\/uploads\/2024\/12\/ox-collection-350x350.jpg 350w, https:\/\/shop.ouxadi.fr\/wp-content\/uploads\/2024\/12\/ox-collection-300x300.jpg 300w, https:\/\/shop.ouxadi.fr\/wp-content\/uploads\/2024\/12\/ox-collection-1024x1024.jpg 1024w, https:\/\/shop.ouxadi.fr\/wp-content\/uploads\/2024\/12\/ox-collection-150x150.jpg 150w, https:\/\/shop.ouxadi.fr\/wp-content\/uploads\/2024\/12\/ox-collection-768x768.jpg 768w, https:\/\/shop.ouxadi.fr\/wp-content\/uploads\/2024\/12\/ox-collection-12x12.jpg 12w, https:\/\/shop.ouxadi.fr\/wp-content\/uploads\/2024\/12\/ox-collection-680x680.jpg 680w, https:\/\/shop.ouxadi.fr\/wp-content\/uploads\/2024\/12\/ox-collection-100x100.jpg 100w, https:\/\/shop.ouxadi.fr\/wp-content\/uploads\/2024\/12\/ox-collection.jpg 1270w\" sizes=\"(max-width: 350px) 100vw, 350px\" \/><\/div>\n\t\t\t\t\t<div class=\"wc-block-grid__product-title\">S\u00e9r\u00e9nit\u00e9 c\u00e9leste<\/div>\n\t\t\t\t<\/a>\n\t\t\t\t<div class=\"wc-block-grid__product-price price\" data-no-translation=\"\" data-trp-gettext=\"\"><span class=\"woocommerce-Price-amount amount\">35,00&nbsp;<span class=\"woocommerce-Price-currencySymbol\">&euro;<\/span><\/span> &#8211; <span class=\"woocommerce-Price-amount amount\">45,00&nbsp;<span class=\"woocommerce-Price-currencySymbol\">&euro;<\/span><\/span><\/div>\n\t\t\t\t\n\t\t\t\t<div class=\"wp-block-button wc-block-grid__product-add-to-cart\"><a href=\"https:\/\/shop.ouxadi.fr\/fr\/produit\/skyward-serenity\/\" aria-label=\"S\u00e9lectionner les options pour \u201cSkyward Serenity\u201d\" data-quantity=\"1\" data-product_id=\"1431\" data-product_sku=\"SKY-330543\" data-price=\"35\" rel=\"nofollow\" class=\"wp-block-button__link  add_to_cart_button\" data-no-translation=\"\" data-trp-gettext=\"\" data-no-translation-aria-label=\"\">Choix des options<\/a><\/div>\n\t\t\t<\/li><li class=\"wc-block-grid__product\">\n\t\t\t\t<a href=\"https:\/\/shop.ouxadi.fr\/fr\/produit\/majestic-mountain-whisper\/\" class=\"wc-block-grid__product-link\">\n\t\t\t\t\t\n\t\t\t\t\t<div class=\"wc-block-grid__product-image\"><img loading=\"lazy\" decoding=\"async\" width=\"350\" height=\"350\" src=\"https:\/\/shop.ouxadi.fr\/wp-content\/uploads\/2015\/08\/mountain-Mockup-poster-350x350.jpg\" class=\"attachment-woocommerce_thumbnail size-woocommerce_thumbnail\" alt=\"Majestic Mountain Whisper\" srcset=\"https:\/\/shop.ouxadi.fr\/wp-content\/uploads\/2015\/08\/mountain-Mockup-poster-350x350.jpg 350w, https:\/\/shop.ouxadi.fr\/wp-content\/uploads\/2015\/08\/mountain-Mockup-poster-300x300.jpg 300w, https:\/\/shop.ouxadi.fr\/wp-content\/uploads\/2015\/08\/mountain-Mockup-poster-1024x1024.jpg 1024w, https:\/\/shop.ouxadi.fr\/wp-content\/uploads\/2015\/08\/mountain-Mockup-poster-150x150.jpg 150w, https:\/\/shop.ouxadi.fr\/wp-content\/uploads\/2015\/08\/mountain-Mockup-poster-768x768.jpg 768w, https:\/\/shop.ouxadi.fr\/wp-content\/uploads\/2015\/08\/mountain-Mockup-poster-680x680.jpg 680w, https:\/\/shop.ouxadi.fr\/wp-content\/uploads\/2015\/08\/mountain-Mockup-poster-100x100.jpg 100w, https:\/\/shop.ouxadi.fr\/wp-content\/uploads\/2015\/08\/mountain-Mockup-poster.jpg 1080w\" sizes=\"(max-width: 350px) 100vw, 350px\" \/><\/div>\n\t\t\t\t\t<div class=\"wc-block-grid__product-title\">Murmure de la montagne majestueuse<\/div>\n\t\t\t\t<\/a>\n\t\t\t\t<div class=\"wc-block-grid__product-price price\" data-no-translation=\"\" data-trp-gettext=\"\"><span class=\"woocommerce-Price-amount amount\">35,00&nbsp;<span class=\"woocommerce-Price-currencySymbol\">&euro;<\/span><\/span> &#8211; <span class=\"woocommerce-Price-amount amount\">45,00&nbsp;<span class=\"woocommerce-Price-currencySymbol\">&euro;<\/span><\/span><\/div>\n\t\t\t\t\n\t\t\t\t<div class=\"wp-block-button wc-block-grid__product-add-to-cart\"><a href=\"https:\/\/shop.ouxadi.fr\/fr\/produit\/majestic-mountain-whisper\/\" aria-label=\"S\u00e9lectionner les options pour \u201cMajestic Mountain Whisper\u201d\" data-quantity=\"1\" data-product_id=\"249\" data-product_sku=\"73253-41\" data-price=\"35\" rel=\"nofollow\" class=\"wp-block-button__link  add_to_cart_button\" data-no-translation=\"\" data-trp-gettext=\"\" data-no-translation-aria-label=\"\">Choix des options<\/a><\/div>\n\t\t\t<\/li><li class=\"wc-block-grid__product\">\n\t\t\t\t<a href=\"https:\/\/shop.ouxadi.fr\/fr\/produit\/eiffel-tower-at-night-paris-cityscape-with-light-trails\/\" class=\"wc-block-grid__product-link\">\n\t\t\t\t\t\n\t\t\t\t\t<div class=\"wc-block-grid__product-image\"><img loading=\"lazy\" decoding=\"async\" width=\"350\" height=\"350\" src=\"https:\/\/shop.ouxadi.fr\/wp-content\/uploads\/2015\/08\/Mockup-poster-copy-350x350.jpg\" class=\"attachment-woocommerce_thumbnail size-woocommerce_thumbnail\" alt=\"Eiffel Tower at Night\" srcset=\"https:\/\/shop.ouxadi.fr\/wp-content\/uploads\/2015\/08\/Mockup-poster-copy-350x350.jpg 350w, https:\/\/shop.ouxadi.fr\/wp-content\/uploads\/2015\/08\/Mockup-poster-copy-300x300.jpg 300w, https:\/\/shop.ouxadi.fr\/wp-content\/uploads\/2015\/08\/Mockup-poster-copy-1024x1024.jpg 1024w, https:\/\/shop.ouxadi.fr\/wp-content\/uploads\/2015\/08\/Mockup-poster-copy-150x150.jpg 150w, https:\/\/shop.ouxadi.fr\/wp-content\/uploads\/2015\/08\/Mockup-poster-copy-768x768.jpg 768w, https:\/\/shop.ouxadi.fr\/wp-content\/uploads\/2015\/08\/Mockup-poster-copy-680x680.jpg 680w, https:\/\/shop.ouxadi.fr\/wp-content\/uploads\/2015\/08\/Mockup-poster-copy-100x100.jpg 100w, https:\/\/shop.ouxadi.fr\/wp-content\/uploads\/2015\/08\/Mockup-poster-copy.jpg 1080w\" sizes=\"(max-width: 350px) 100vw, 350px\" \/><\/div>\n\t\t\t\t\t<div class=\"wc-block-grid__product-title\">Tour Eiffel de nuit<\/div>\n\t\t\t\t<\/a>\n\t\t\t\t<div class=\"wc-block-grid__product-price price\" data-no-translation=\"\" data-trp-gettext=\"\"><span class=\"woocommerce-Price-amount amount\">35,00&nbsp;<span class=\"woocommerce-Price-currencySymbol\">&euro;<\/span><\/span> &#8211; <span class=\"woocommerce-Price-amount amount\">45,00&nbsp;<span class=\"woocommerce-Price-currencySymbol\">&euro;<\/span><\/span><\/div>\n\t\t\t\t\n\t\t\t\t<div class=\"wp-block-button wc-block-grid__product-add-to-cart\"><a href=\"https:\/\/shop.ouxadi.fr\/fr\/produit\/eiffel-tower-at-night-paris-cityscape-with-light-trails\/\" aria-label=\"S\u00e9lectionner les options pour \u201cEiffel Tower at Night\u201d\" data-quantity=\"1\" data-product_id=\"248\" data-product_sku=\"73253-37\" data-price=\"35\" rel=\"nofollow\" class=\"wp-block-button__link  add_to_cart_button\" data-no-translation=\"\" data-trp-gettext=\"\" data-no-translation-aria-label=\"\">Choix des options<\/a><\/div>\n\t\t\t<\/li><\/ul><\/div><\/div><\/div>","protected":false},"excerpt":{"rendered":"You may be interested in\u2026 Your cart is currently empty! New in store","protected":false},"author":1,"featured_media":0,"parent":0,"menu_order":0,"comment_status":"closed","ping_status":"closed","template":"","meta":{"iawp_total_views":8,"footnotes":""},"class_list":["post-12","page","type-page","status-publish","hentry"],"_links":{"self":[{"href":"https:\/\/shop.ouxadi.fr\/fr\/wp-json\/wp\/v2\/pages\/12"}],"collection":[{"href":"https:\/\/shop.ouxadi.fr\/fr\/wp-json\/wp\/v2\/pages"}],"about":[{"href":"https:\/\/shop.ouxadi.fr\/fr\/wp-json\/wp\/v2\/types\/page"}],"author":[{"embeddable":true,"href":"https:\/\/shop.ouxadi.fr\/fr\/wp-json\/wp\/v2\/users\/1"}],"replies":[{"embeddable":true,"href":"https:\/\/shop.ouxadi.fr\/fr\/wp-json\/wp\/v2\/comments?post=12"}],"version-history":[{"count":1,"href":"https:\/\/shop.ouxadi.fr\/fr\/wp-json\/wp\/v2\/pages\/12\/revisions"}],"predecessor-version":[{"id":1452,"href":"https:\/\/shop.ouxadi.fr\/fr\/wp-json\/wp\/v2\/pages\/12\/revisions\/1452"}],"wp:attachment":[{"href":"https:\/\/shop.ouxadi.fr\/fr\/wp-json\/wp\/v2\/media?parent=12"}],"curies":[{"name":"wp","href":"https:\/\/api.w.org\/{rel}","templated":true}]}}