{"id":379,"date":"2024-08-12T14:41:48","date_gmt":"2024-08-12T14:41:48","guid":{"rendered":"http:\/\/savoy.nordicmade.com\/?page_id=379"},"modified":"2024-11-19T09:25:55","modified_gmt":"2024-11-19T09:25:55","slug":"faq","status":"publish","type":"page","link":"https:\/\/shop.ouxadi.fr\/fr\/faq\/","title":{"rendered":"FAQ"},"content":{"rendered":"<div class=\"wpb-content-wrapper\"><div class=\"nm-row nm-row-boxed vc_row wpb_row  vc_custom_1432752631369\"><div class=\"nm_column wpb_column vc_column_container col-sm-3\"><div class=\"vc_column-inner\"><div class=\"wpb_wrapper\">\n\t<div class=\"wpb_text_column wpb_content_element nm-highlight-text\" >\n\t\t<div class=\"wpb_wrapper\">\n\t\t\t<h4>Achats<\/h4>\n\n\t\t<\/div>\n\t<\/div>\n<div class=\"vc_empty_space\"   style=\"height: 30px\"><span class=\"vc_empty_space_inner\"><\/span><\/div><\/div><\/div><\/div><div class=\"nm_column wpb_column vc_column_container col-sm-9 col-lg-4\"><div class=\"vc_column-inner\"><div class=\"wpb_wrapper\">\n\t<div class=\"wpb_text_column wpb_content_element\" >\n\t\t<div class=\"wpb_wrapper\">\n\t\t\t<h6>Quelles sont les m\u00e9thodes d'exp\u00e9dition disponibles ?<\/h6>\n\n\t\t<\/div>\n\t<\/div>\n<div class=\"vc_empty_space\"   style=\"height: 14px\"><span class=\"vc_empty_space_inner\"><\/span><\/div><\/div><\/div><\/div><div class=\"nm_column wpb_column vc_column_container col-sm-9 col-lg-5\"><div class=\"vc_column-inner\"><div class=\"wpb_wrapper\">\n\t<div class=\"wpb_text_column wpb_content_element\" >\n\t\t<div class=\"wpb_wrapper\">\n\t\t\t<p class=\"p1\">Nous livrons nos produits en utilisant des m\u00e9thodes d'exp\u00e9dition fiables :<\/p>\n<p class=\"p2\"><b>La Poste, <\/b><b><\/b><b>Chronopost, <\/b><b><\/b><b>DHL, <\/b><b><\/b><b>UPS<\/b><b><\/b><\/p>\n<p class=\"p2\">Vous pouvez choisir votre m\u00e9thode d'exp\u00e9dition pr\u00e9f\u00e9r\u00e9e au moment du paiement, en fonction du co\u00fbt et de la rapidit\u00e9 de la livraison.<\/p>\n\n\t\t<\/div>\n\t<\/div>\n<\/div><\/div><\/div><\/div><div class=\"nm-row nm-row-boxed vc_row wpb_row  vc_custom_1432727850842\"><div class=\"nm_column wpb_column vc_column_container col-sm-9 col-lg-4 col-sm-offset-3\"><div class=\"vc_column-inner\"><div class=\"wpb_wrapper\">\n\t<div class=\"wpb_text_column wpb_content_element\" >\n\t\t<div class=\"wpb_wrapper\">\n\t\t\t<h6>Exp\u00e9diez-vous \u00e0 l'\u00e9tranger ?<\/h6>\n\n\t\t<\/div>\n\t<\/div>\n<div class=\"vc_empty_space\"   style=\"height: 14px\"><span class=\"vc_empty_space_inner\"><\/span><\/div><\/div><\/div><\/div><div class=\"nm_column wpb_column vc_column_container col-sm-9 col-lg-offset-0 col-lg-5 col-sm-offset-3\"><div class=\"vc_column-inner\"><div class=\"wpb_wrapper\">\n\t<div class=\"wpb_text_column wpb_content_element\" >\n\t\t<div class=\"wpb_wrapper\">\n\t\t\t<p class=\"p1\">Actuellement, nous exp\u00e9dions depuis la France vers les pays d'Europe uniquement.<\/p>\n\n\t\t<\/div>\n\t<\/div>\n<\/div><\/div><\/div><\/div><div class=\"nm-row nm-row-boxed vc_row wpb_row  vc_custom_1432727859836\"><div class=\"nm_column wpb_column vc_column_container col-sm-9 col-lg-4 col-sm-offset-3\"><div class=\"vc_column-inner\"><div class=\"wpb_wrapper\">\n\t<div class=\"wpb_text_column wpb_content_element\" >\n\t\t<div class=\"wpb_wrapper\">\n\t\t\t<h6>Combien de temps faut-il pour recevoir mon colis ?<\/h6>\n\n\t\t<\/div>\n\t<\/div>\n<div class=\"vc_empty_space\"   style=\"height: 14px\"><span class=\"vc_empty_space_inner\"><\/span><\/div><\/div><\/div><\/div><div class=\"nm_column wpb_column vc_column_container col-sm-9 col-lg-offset-0 col-lg-5 col-sm-offset-3\"><div class=\"vc_column-inner\"><div class=\"wpb_wrapper\">\n\t<div class=\"wpb_text_column wpb_content_element\" >\n\t\t<div class=\"wpb_wrapper\">\n\t\t\t<p class=\"p1\">Le d\u00e9lai de livraison d\u00e9pend de votre lieu de r\u00e9sidence et du mode d'exp\u00e9dition choisi :<\/p>\n<p class=\"p2\">-<b>Exp\u00e9dition standard (La Poste) :<\/b> 5-10 jours ouvrables.<\/p>\n<p class=\"p2\">-<b>Exp\u00e9dition express (Chronopost\/DHL\/UPS) :<\/b> 1-5 jours ouvrables.<\/p>\n\n\t\t<\/div>\n\t<\/div>\n<\/div><\/div><\/div><\/div><div class=\"nm-row nm-row-full-nopad vc_row wpb_row  vc_custom_1432728062229\"><div class=\"nm_column wpb_column vc_column_container col-sm-12\"><div class=\"vc_column-inner\"><div class=\"wpb_wrapper\">\r\n    <div class=\"nm-divider separator_align_center\">\r\n        <div class=\"nm-divider-line\" style=\"\"><\/div>\r\n    <\/div><\/div><\/div><\/div><\/div><div class=\"nm-row nm-row-boxed vc_row wpb_row  vc_custom_1432728051583\"><div class=\"nm_column wpb_column vc_column_container col-sm-3\"><div class=\"vc_column-inner\"><div class=\"wpb_wrapper\">\n\t<div class=\"wpb_text_column wpb_content_element nm-highlight-text\" >\n\t\t<div class=\"wpb_wrapper\">\n\t\t\t<h4>Paiement<\/h4>\n\n\t\t<\/div>\n\t<\/div>\n<div class=\"vc_empty_space\"   style=\"height: 30px\"><span class=\"vc_empty_space_inner\"><\/span><\/div><\/div><\/div><\/div><div class=\"nm_column wpb_column vc_column_container col-sm-9 col-lg-4\"><div class=\"vc_column-inner\"><div class=\"wpb_wrapper\">\n\t<div class=\"wpb_text_column wpb_content_element\" >\n\t\t<div class=\"wpb_wrapper\">\n\t\t\t<h6>Quels sont les modes de paiement accept\u00e9s ?<\/h6>\n\n\t\t<\/div>\n\t<\/div>\n<div class=\"vc_empty_space\"   style=\"height: 14px\"><span class=\"vc_empty_space_inner\"><\/span><\/div><\/div><\/div><\/div><div class=\"nm_column wpb_column vc_column_container col-sm-9 col-lg-5\"><div class=\"vc_column-inner\"><div class=\"wpb_wrapper\">\n\t<div class=\"wpb_text_column wpb_content_element\" >\n\t\t<div class=\"wpb_wrapper\">\n\t\t\t<p class=\"p1\">Nous acceptons diff\u00e9rents modes de paiement pour plus de commodit\u00e9 :<\/p>\n<p class=\"p2\">-<b>Cartes de cr\u00e9dit\/d\u00e9bit<\/b> (Visa, Mastercard, American Express)<\/p>\n<p class=\"p2\">-<b>PayPal<\/b><b><\/b><\/p>\n<p class=\"p2\">-<b>Apple Pay<\/b><b><\/b><\/p>\n<p class=\"p2\">-<b>Google Pay<\/b><\/p>\n\n\t\t<\/div>\n\t<\/div>\n<\/div><\/div><\/div><\/div><div class=\"nm-row nm-row-boxed vc_row wpb_row  vc_custom_1432727850842\"><div class=\"nm_column wpb_column vc_column_container col-sm-9 col-lg-4 col-sm-offset-3\"><div class=\"vc_column-inner\"><div class=\"wpb_wrapper\">\n\t<div class=\"wpb_text_column wpb_content_element\" >\n\t\t<div class=\"wpb_wrapper\">\n\t\t\t<h6>L'achat en ligne est-il s\u00fbr ?<\/h6>\n\n\t\t<\/div>\n\t<\/div>\n<div class=\"vc_empty_space\"   style=\"height: 14px\"><span class=\"vc_empty_space_inner\"><\/span><\/div><\/div><\/div><\/div><div class=\"nm_column wpb_column vc_column_container col-sm-9 col-lg-offset-0 col-lg-5 col-sm-offset-3\"><div class=\"vc_column-inner\"><div class=\"wpb_wrapper\">\n\t<div class=\"wpb_text_column wpb_content_element\" >\n\t\t<div class=\"wpb_wrapper\">\n\t\t\t<p class=\"p1\">Absolument ! Nous utilisons des passerelles de paiement s\u00e9curis\u00e9es et le cryptage SSL pour prot\u00e9ger vos informations personnelles et de paiement. Votre s\u00e9curit\u00e9 est notre priorit\u00e9 absolue.<\/p>\n\n\t\t<\/div>\n\t<\/div>\n<\/div><\/div><\/div><\/div><div class=\"nm-row nm-row-full-nopad vc_row wpb_row  vc_custom_1432728062229\"><div class=\"nm_column wpb_column vc_column_container col-sm-12\"><div class=\"vc_column-inner\"><div class=\"wpb_wrapper\">\r\n    <div class=\"nm-divider separator_align_center\">\r\n        <div class=\"nm-divider-line\" style=\"\"><\/div>\r\n    <\/div><\/div><\/div><\/div><\/div><div class=\"nm-row nm-row-boxed vc_row wpb_row  vc_custom_1432728051583\"><div class=\"nm_column wpb_column vc_column_container col-sm-3\"><div class=\"vc_column-inner\"><div class=\"wpb_wrapper\">\n\t<div class=\"wpb_text_column wpb_content_element nm-highlight-text\" >\n\t\t<div class=\"wpb_wrapper\">\n\t\t\t<h4>Commandes et retours<\/h4>\n\n\t\t<\/div>\n\t<\/div>\n<div class=\"vc_empty_space\"   style=\"height: 30px\"><span class=\"vc_empty_space_inner\"><\/span><\/div><\/div><\/div><\/div><div class=\"nm_column wpb_column vc_column_container col-sm-9 col-lg-4\"><div class=\"vc_column-inner\"><div class=\"wpb_wrapper\">\n\t<div class=\"wpb_text_column wpb_content_element\" >\n\t\t<div class=\"wpb_wrapper\">\n\t\t\t<h6>Comment passer une commande ?<\/h6>\n\n\t\t<\/div>\n\t<\/div>\n<div class=\"vc_empty_space\"   style=\"height: 14px\"><span class=\"vc_empty_space_inner\"><\/span><\/div><\/div><\/div><\/div><div class=\"nm_column wpb_column vc_column_container col-sm-9 col-lg-5\"><div class=\"vc_column-inner\"><div class=\"wpb_wrapper\">\n\t<div class=\"wpb_text_column wpb_content_element\" >\n\t\t<div class=\"wpb_wrapper\">\n\t\t\t<p class=\"p1\">1. parcourir notre collection de <span class=\"s1\"><b>empreintes<\/b> et <b>pr\u00e9r\u00e9glages<\/b>.<\/span><\/p>\n<p class=\"p1\">2. s\u00e9lectionnez le produit souhait\u00e9 et ajoutez-le au panier.<\/p>\n<p class=\"p1\">3. passez \u00e0 la caisse, indiquez vos coordonn\u00e9es de livraison et de paiement et confirmez votre commande.<\/p>\n\n\t\t<\/div>\n\t<\/div>\n<\/div><\/div><\/div><\/div><div class=\"nm-row nm-row-boxed vc_row wpb_row  vc_custom_1432727850842\"><div class=\"nm_column wpb_column vc_column_container col-sm-9 col-lg-4 col-sm-offset-3\"><div class=\"vc_column-inner\"><div class=\"wpb_wrapper\">\n\t<div class=\"wpb_text_column wpb_content_element\" >\n\t\t<div class=\"wpb_wrapper\">\n\t\t\t<h6>Comment puis-je annuler ou modifier ma commande ?<\/h6>\n\n\t\t<\/div>\n\t<\/div>\n<div class=\"vc_empty_space\"   style=\"height: 14px\"><span class=\"vc_empty_space_inner\"><\/span><\/div><\/div><\/div><\/div><div class=\"nm_column wpb_column vc_column_container col-sm-9 col-lg-offset-0 col-lg-5 col-sm-offset-3\"><div class=\"vc_column-inner\"><div class=\"wpb_wrapper\">\n\t<div class=\"wpb_text_column wpb_content_element\" >\n\t\t<div class=\"wpb_wrapper\">\n\t\t\t<p class=\"p1\">Si vous souhaitez annuler ou modifier votre commande, veuillez nous contacter \u00e0 l'adresse suivante <b>shop@ouxadi.fr<\/b> \u00e0 l'int\u00e9rieur <b>24 heures<\/b> de la commande. Les modifications apport\u00e9es apr\u00e8s cette p\u00e9riode peuvent ne pas \u00eatre possibles en raison des d\u00e9lais de traitement.<\/p>\n\n\t\t<\/div>\n\t<\/div>\n<\/div><\/div><\/div><\/div><div class=\"nm-row nm-row-boxed vc_row wpb_row  vc_custom_1432727850842\"><div class=\"nm_column wpb_column vc_column_container col-sm-9 col-lg-4 col-sm-offset-3\"><div class=\"vc_column-inner\"><div class=\"wpb_wrapper\">\n\t<div class=\"wpb_text_column wpb_content_element\" >\n\t\t<div class=\"wpb_wrapper\">\n\t\t\t<h6>Ai-je besoin d'un compte pour passer une commande ?<\/h6>\n\n\t\t<\/div>\n\t<\/div>\n<div class=\"vc_empty_space\"   style=\"height: 14px\"><span class=\"vc_empty_space_inner\"><\/span><\/div><\/div><\/div><\/div><div class=\"nm_column wpb_column vc_column_container col-sm-9 col-lg-offset-0 col-lg-5 col-sm-offset-3\"><div class=\"vc_column-inner\"><div class=\"wpb_wrapper\">\n\t<div class=\"wpb_text_column wpb_content_element\" >\n\t\t<div class=\"wpb_wrapper\">\n\t\t\t<p class=\"p1\">Non, vous pouvez passer une commande en tant qu'invit\u00e9. Cependant, la cr\u00e9ation d'un compte vous permet de :<\/p>\n<p class=\"p2\">-Suivez facilement vos commandes.<\/p>\n<p class=\"p2\">-Enregistrez vos pr\u00e9f\u00e9rences pour acc\u00e9l\u00e9rer le passage \u00e0 la caisse \u00e0 l'avenir.<\/p>\n\n\t\t<\/div>\n\t<\/div>\n<\/div><\/div><\/div><\/div><div class=\"nm-row nm-row-boxed vc_row wpb_row  vc_custom_1432727850842\"><div class=\"nm_column wpb_column vc_column_container col-sm-9 col-lg-4 col-sm-offset-3\"><div class=\"vc_column-inner\"><div class=\"wpb_wrapper\">\n\t<div class=\"wpb_text_column wpb_content_element\" >\n\t\t<div class=\"wpb_wrapper\">\n\t\t\t<h6>Comment suivre ma commande ?<\/h6>\n\n\t\t<\/div>\n\t<\/div>\n<div class=\"vc_empty_space\"   style=\"height: 14px\"><span class=\"vc_empty_space_inner\"><\/span><\/div><\/div><\/div><\/div><div class=\"nm_column wpb_column vc_column_container col-sm-9 col-lg-offset-0 col-lg-5 col-sm-offset-3\"><div class=\"vc_column-inner\"><div class=\"wpb_wrapper\">\n\t<div class=\"wpb_text_column wpb_content_element\" >\n\t\t<div class=\"wpb_wrapper\">\n\t\t\t<p class=\"p1\">Une fois votre commande exp\u00e9di\u00e9e, nous vous enverrons un num\u00e9ro de suivi par courrier \u00e9lectronique. Vous pouvez utiliser ce num\u00e9ro sur le site web du transporteur concern\u00e9 (La Poste, Chronopost, DHL ou UPS) pour suivre l'\u00e9volution de votre envoi.<\/p>\n\n\t\t<\/div>\n\t<\/div>\n<\/div><\/div><\/div><\/div><div class=\"nm-row nm-row-boxed vc_row wpb_row  vc_custom_1432729671370\"><div class=\"nm_column wpb_column vc_column_container col-sm-9 col-lg-4 col-sm-offset-3\"><div class=\"vc_column-inner\"><div class=\"wpb_wrapper\">\n\t<div class=\"wpb_text_column wpb_content_element\" >\n\t\t<div class=\"wpb_wrapper\">\n\t\t\t<h6>Comment retourner un produit ?<\/h6>\n\n\t\t<\/div>\n\t<\/div>\n<div class=\"vc_empty_space\"   style=\"height: 14px\"><span class=\"vc_empty_space_inner\"><\/span><\/div><\/div><\/div><\/div><div class=\"nm_column wpb_column vc_column_container col-sm-9 col-lg-offset-0 col-lg-5 col-sm-offset-3\"><div class=\"vc_column-inner\"><div class=\"wpb_wrapper\">\n\t<div class=\"wpb_text_column wpb_content_element\" >\n\t\t<div class=\"wpb_wrapper\">\n\t\t\t<p class=\"p1\">Nous avons un <b>Politique de retour sous 14 jours<\/b>. Si vous souhaitez retourner un produit, veuillez suivre les \u00e9tapes suivantes :<\/p>\n<p class=\"p2\"><span class=\"s1\"> 1. Nous contacter \u00e0 l'adresse suivante <\/span><b>returns@ouxadi.fr<\/b> avec les d\u00e9tails de votre commande.<\/p>\n<p class=\"p3\">2. nous vous guiderons tout au long de la proc\u00e9dure de retour.<\/p>\n<p class=\"p3\">3. s'assurer que le produit n'a pas \u00e9t\u00e9 utilis\u00e9 et qu'il est dans son \u00e9tat d'origine.<\/p>\n\n\t\t<\/div>\n\t<\/div>\n<\/div><\/div><\/div><\/div>\n<\/div>","protected":false},"excerpt":{"rendered":"Shopping What Shipping Methods Are Available? We deliver our products using reliable shipping methods: La Poste, Chronopost, DHL, UPS You can choose your preferred shipping method at checkout, based on cost and delivery speed. Do You Ship Internationally? Currently, we ship from France to countries within Europe only. How Long Will It Take To Get [...]","protected":false},"author":1,"featured_media":0,"parent":0,"menu_order":0,"comment_status":"closed","ping_status":"closed","template":"","meta":{"iawp_total_views":1,"footnotes":""},"class_list":["post-379","page","type-page","status-publish","hentry"],"_links":{"self":[{"href":"https:\/\/shop.ouxadi.fr\/fr\/wp-json\/wp\/v2\/pages\/379"}],"collection":[{"href":"https:\/\/shop.ouxadi.fr\/fr\/wp-json\/wp\/v2\/pages"}],"about":[{"href":"https:\/\/shop.ouxadi.fr\/fr\/wp-json\/wp\/v2\/types\/page"}],"author":[{"embeddable":true,"href":"https:\/\/shop.ouxadi.fr\/fr\/wp-json\/wp\/v2\/users\/1"}],"replies":[{"embeddable":true,"href":"https:\/\/shop.ouxadi.fr\/fr\/wp-json\/wp\/v2\/comments?post=379"}],"version-history":[{"count":4,"href":"https:\/\/shop.ouxadi.fr\/fr\/wp-json\/wp\/v2\/pages\/379\/revisions"}],"predecessor-version":[{"id":1397,"href":"https:\/\/shop.ouxadi.fr\/fr\/wp-json\/wp\/v2\/pages\/379\/revisions\/1397"}],"wp:attachment":[{"href":"https:\/\/shop.ouxadi.fr\/fr\/wp-json\/wp\/v2\/media?parent=379"}],"curies":[{"name":"wp","href":"https:\/\/api.w.org\/{rel}","templated":true}]}}