{"id":435,"date":"2015-08-12T16:16:21","date_gmt":"2015-08-12T16:16:21","guid":{"rendered":"http:\/\/savoy.nordicmade.com\/?page_id=435"},"modified":"2015-08-12T16:16:21","modified_gmt":"2015-08-12T16:16:21","slug":"charts-progress-bars","status":"publish","type":"page","link":"https:\/\/shop.ouxadi.fr\/fr\/elements\/charts-progress-bars\/","title":{"rendered":"Charts &#038; Progress Bars"},"content":{"rendered":"<div class=\"wpb-content-wrapper\"><div class=\"nm-row nm-row-full vc_row wpb_row  vc_custom_1440779595917\"><div class=\"nm_column wpb_column vc_column_container col-sm-6\"><div class=\"vc_column-inner\"><div class=\"wpb_wrapper\">\n\t<div class=\"wpb_text_column wpb_content_element\" >\n\t\t<div class=\"wpb_wrapper\">\n\t\t\t<h4>Graphiques et barres de progression<\/h4>\n\n\t\t<\/div>\n\t<\/div>\n<div class=\"vc_empty_space\"   style=\"height: 15px\"><span class=\"vc_empty_space_inner\"><\/span><\/div><\/div><\/div><\/div><div class=\"nm_column wpb_column vc_column_container col-sm-6\"><div class=\"vc_column-inner\"><div class=\"wpb_wrapper\">\n\t<div class=\"wpb_text_column wpb_content_element\" >\n\t\t<div class=\"wpb_wrapper\">\n\t\t\t<p>Affichez les donn\u00e9es \u00e0 l'aide de graphiques anim\u00e9s et de barres de progression visuellement attrayants.<\/p>\n\n\t\t<\/div>\n\t<\/div>\n<div class=\"vc_empty_space\"   style=\"height: 18px\"><span class=\"vc_empty_space_inner\"><\/span><\/div>\n\t<div class=\"wpb_text_column wpb_content_element\" >\n\t\t<div class=\"wpb_wrapper\">\n\t\t\t<p>\u00c9l\u00e9ment suivant : <a href=\"#\">Bo\u00eetes \u00e0 outils<\/a><\/p>\n\n\t\t<\/div>\n\t<\/div>\n<\/div><\/div><\/div><\/div><div class=\"nm-row nm-row-full vc_row wpb_row  vc_custom_1440505206153\"><div class=\"nm_column wpb_column vc_column_container col-sm-6\"><div class=\"vc_column-inner\"><div class=\"wpb_wrapper\"><div class=\"vc_empty_space\"   style=\"height: 38px\"><span class=\"vc_empty_space_inner\"><\/span><\/div>\r\n    <div class=\"nm-divider separator_align_center\">\r\n        <div class=\"nm-divider-line\" style=\"height:2px; background:#e0e0e0;\"><\/div>\r\n    <\/div><\/div><\/div><\/div><div class=\"nm_column wpb_column vc_column_container col-sm-6 hidden-xs\"><div class=\"vc_column-inner\"><div class=\"wpb_wrapper\"><div class=\"vc_empty_space\"   style=\"height: 38px\"><span class=\"vc_empty_space_inner\"><\/span><\/div>\r\n    <div class=\"nm-divider separator_align_center\">\r\n        <div class=\"nm-divider-line\" style=\"height:2px; background:#e0e0e0;\"><\/div>\r\n    <\/div><\/div><\/div><\/div><\/div><div class=\"nm-row nm-row-full vc_row wpb_row  vc_custom_1436885626492\"><div class=\"nm_column wpb_column vc_column_container col-sm-6\"><div class=\"vc_column-inner\"><div class=\"wpb_wrapper\"><div  class= \"vc_pie_chart wpb_content_element\" data-pie-value=\"82\" data-pie-label-value=\"\" data-pie-units=\"%\" data-pie-color=\"#6ab165\"><div class=\"wpb_wrapper\"><div class=\"vc_pie_wrapper\"><span class=\"vc_pie_chart_back\" style=\"border-color: #6ab165\"><\/span><span class=\"vc_pie_chart_value\"><\/span><canvas width=\"101\" height=\"101\"><\/canvas><\/div><h4 class=\"wpb_heading wpb_pie_chart_heading\">Esth\u00e9tique<\/h4><\/div><\/div><div class=\"vc_empty_space\"   style=\"height: 14px\"><span class=\"vc_empty_space_inner\"><\/span><\/div><\/div><\/div><\/div><div class=\"nm_column wpb_column vc_column_container col-sm-3 col-xs-6\"><div class=\"vc_column-inner\"><div class=\"wpb_wrapper\"><div  class= \"vc_pie_chart wpb_content_element\" data-pie-value=\"55\" data-pie-label-value=\"\" data-pie-units=\"%\" data-pie-color=\"#0088cc\"><div class=\"wpb_wrapper\"><div class=\"vc_pie_wrapper\"><span class=\"vc_pie_chart_back\" style=\"border-color: #0088cc\"><\/span><span class=\"vc_pie_chart_value\"><\/span><canvas width=\"101\" height=\"101\"><\/canvas><\/div><h4 class=\"wpb_heading wpb_pie_chart_heading\">Banksy<\/h4><\/div><\/div><\/div><\/div><\/div><div class=\"nm_column wpb_column vc_column_container col-sm-3 col-xs-6\"><div class=\"vc_column-inner\"><div class=\"wpb_wrapper\"><div  class= \"vc_pie_chart wpb_content_element\" data-pie-value=\"37\" data-pie-label-value=\"\" data-pie-units=\"%\" data-pie-color=\"#0088cc\"><div class=\"wpb_wrapper\"><div class=\"vc_pie_wrapper\"><span class=\"vc_pie_chart_back\" style=\"border-color: #0088cc\"><\/span><span class=\"vc_pie_chart_value\"><\/span><canvas width=\"101\" height=\"101\"><\/canvas><\/div><h4 class=\"wpb_heading wpb_pie_chart_heading\">Chillwave<\/h4><\/div><\/div><\/div><\/div><\/div><\/div><div class=\"nm-row nm-row-full vc_row wpb_row  vc_custom_1436787911115\"><div class=\"nm_column wpb_column vc_column_container col-sm-12\"><div class=\"vc_column-inner\"><div class=\"wpb_wrapper\">\r\n    <div class=\"nm-divider separator_align_center\">\r\n        <div class=\"nm-divider-line\" style=\"\"><\/div>\r\n    <\/div><div class=\"vc_empty_space\"   style=\"height: 50px\"><span class=\"vc_empty_space_inner\"><\/span><\/div><div class=\"vc_progress_bar wpb_content_element  vc_progress-bar-color-bar_orange\" ><div class=\"vc_general vc_single_bar\"><small class=\"vc_label\">Esth\u00e9tique <span class=\"vc_label_units\">82%<\/span><\/small><span class=\"vc_bar\" data-percentage-value=\"82\" data-value=\"82\"><\/span><\/div><div class=\"vc_general vc_single_bar\"><small class=\"vc_label\">Banksy <span class=\"vc_label_units\">55%<\/span><\/small><span class=\"vc_bar\" data-percentage-value=\"55\" data-value=\"55\"><\/span><\/div><div class=\"vc_general vc_single_bar\"><small class=\"vc_label\">Chillwave <span class=\"vc_label_units\">37%<\/span><\/small><span class=\"vc_bar\" data-percentage-value=\"37\" data-value=\"37\"><\/span><\/div><\/div><\/div><\/div><\/div><\/div>\n<\/div>","protected":false},"excerpt":{"rendered":"Charts &amp; Progress Bars Display data using visually appealing animated charts and progress bars. Next element: Feature Boxes AestheticBanksyChillwave Aesthetic 82%Banksy 55%Chillwave 37%","protected":false},"author":1,"featured_media":0,"parent":393,"menu_order":0,"comment_status":"closed","ping_status":"closed","template":"","meta":{"iawp_total_views":0,"footnotes":""},"class_list":["post-435","page","type-page","status-publish","hentry"],"_links":{"self":[{"href":"https:\/\/shop.ouxadi.fr\/fr\/wp-json\/wp\/v2\/pages\/435"}],"collection":[{"href":"https:\/\/shop.ouxadi.fr\/fr\/wp-json\/wp\/v2\/pages"}],"about":[{"href":"https:\/\/shop.ouxadi.fr\/fr\/wp-json\/wp\/v2\/types\/page"}],"author":[{"embeddable":true,"href":"https:\/\/shop.ouxadi.fr\/fr\/wp-json\/wp\/v2\/users\/1"}],"replies":[{"embeddable":true,"href":"https:\/\/shop.ouxadi.fr\/fr\/wp-json\/wp\/v2\/comments?post=435"}],"version-history":[{"count":0,"href":"https:\/\/shop.ouxadi.fr\/fr\/wp-json\/wp\/v2\/pages\/435\/revisions"}],"up":[{"embeddable":true,"href":"https:\/\/shop.ouxadi.fr\/fr\/wp-json\/wp\/v2\/pages\/393"}],"wp:attachment":[{"href":"https:\/\/shop.ouxadi.fr\/fr\/wp-json\/wp\/v2\/media?parent=435"}],"curies":[{"name":"wp","href":"https:\/\/api.w.org\/{rel}","templated":true}]}}