{"id":224,"date":"2015-08-11T21:26:15","date_gmt":"2015-08-11T21:26:15","guid":{"rendered":"http:\/\/savoy.nordicmade.com\/product\/floral-scented-sachet\/"},"modified":"2024-11-21T12:12:37","modified_gmt":"2024-11-21T12:12:37","slug":"floral-scented-sachet","status":"publish","type":"product","link":"https:\/\/shop.ouxadi.fr\/fr\/produit\/floral-scented-sachet\/","title":{"rendered":"Sachet parfum\u00e9 floral"},"content":{"rendered":"<p>Authentique keffieh master cleanse. Fingerstache s\u00e9miotique PBR quinoa. Pop-up Godard kale chips, trust fund Neutra fingerstache paleo Wes Anderson. Caf\u00e9 d'origine unique Deep v cr\u00e9dit\u00e9 Thundercats barbe. Mumblecore avant qu'ils ne vendent leur biodiesel pour la f\u00eate sur le toit. Banksy swag Portland readymade synth messenger bag clich\u00e9.<\/p>","protected":false},"excerpt":{"rendered":"<p>Con\u00e7u pour la simplicit\u00e9 et fabriqu\u00e9 \u00e0 partir de mat\u00e9riaux de haute qualit\u00e9. Sa g\u00e9om\u00e9trie \u00e9pur\u00e9e et ses combinaisons de mat\u00e9riaux cr\u00e9ent un look moderne et personnalis\u00e9.<\/p>","protected":false},"featured_media":1414,"template":"","meta":{"iawp_total_views":1},"product_brand":[],"product_cat":[29],"product_tag":[],"class_list":{"0":"post-224","1":"product","2":"type-product","3":"status-publish","4":"has-post-thumbnail","6":"product_cat-street","8":"first","9":"instock","10":"shipping-taxable","11":"purchasable","12":"product-type-simple"},"_links":{"self":[{"href":"https:\/\/shop.ouxadi.fr\/fr\/wp-json\/wp\/v2\/product\/224"}],"collection":[{"href":"https:\/\/shop.ouxadi.fr\/fr\/wp-json\/wp\/v2\/product"}],"about":[{"href":"https:\/\/shop.ouxadi.fr\/fr\/wp-json\/wp\/v2\/types\/product"}],"wp:featuredmedia":[{"embeddable":true,"href":"https:\/\/shop.ouxadi.fr\/fr\/wp-json\/wp\/v2\/media\/1414"}],"wp:attachment":[{"href":"https:\/\/shop.ouxadi.fr\/fr\/wp-json\/wp\/v2\/media?parent=224"}],"wp:term":[{"taxonomy":"product_brand","embeddable":true,"href":"https:\/\/shop.ouxadi.fr\/fr\/wp-json\/wp\/v2\/product_brand?post=224"},{"taxonomy":"product_cat","embeddable":true,"href":"https:\/\/shop.ouxadi.fr\/fr\/wp-json\/wp\/v2\/product_cat?post=224"},{"taxonomy":"product_tag","embeddable":true,"href":"https:\/\/shop.ouxadi.fr\/fr\/wp-json\/wp\/v2\/product_tag?post=224"}],"curies":[{"name":"wp","href":"https:\/\/api.w.org\/{rel}","templated":true}]}}