{"id":243,"date":"2015-08-11T21:58:10","date_gmt":"2015-08-11T21:58:10","guid":{"rendered":"http:\/\/savoy.nordicmade.com\/product\/ceramic-tealight-holder\/"},"modified":"2024-11-17T14:22:52","modified_gmt":"2024-11-17T14:22:52","slug":"that-beautiful-door-marakech-morocco","status":"publish","type":"product","link":"https:\/\/shop.ouxadi.fr\/fr\/produit\/that-beautiful-door-marakech-morocco\/","title":{"rendered":"Porte d'entr\u00e9e de Marrakech"},"content":{"rendered":"<p class=\"p1\">Entrez dans le monde enchanteur de Marrakech avec notre impression \"Porte de Marrakech\". Cette superbe \u0153uvre d'art repr\u00e9sente une porte magnifiquement travaill\u00e9e, orn\u00e9e de mosa\u00efques complexes et de sculptures ornementales qui incarnent l'art architectural marocain. Les couleurs riches et les motifs d\u00e9taill\u00e9s vous invitent \u00e0 contempler l'histoire et la culture d'une ville dynamique. Parfaite pour ceux qui appr\u00e9cient la beaut\u00e9 de la d\u00e9coration mondiale, cette impression est disponible en 30\u00d745 et 50\u00d770 cm, ce qui en fait un ajout polyvalent \u00e0 toute pi\u00e8ce qui a besoin d'une touche de couleur et d'une profondeur culturelle. Rehaussez votre espace avec cette pi\u00e8ce captivante de la collection OUXADI.<\/p>","protected":false},"excerpt":{"rendered":"<p class=\"p1\">Plongez dans la splendeur de la culture marocaine avec l'imprim\u00e9 \"Porte de Marrakech\", qui pr\u00e9sente les motifs complexes et les couleurs vives d'une porte traditionnelle de Marrakech.<\/p>","protected":false},"featured_media":1324,"template":"","meta":{"iawp_total_views":3},"product_brand":[],"product_cat":[63,29],"product_tag":[],"class_list":{"0":"post-243","1":"product","2":"type-product","3":"status-publish","4":"has-post-thumbnail","6":"product_cat-morocco","7":"product_cat-street","9":"first","10":"instock","11":"shipping-taxable","12":"purchasable","13":"product-type-variable","14":"has-default-attributes"},"_links":{"self":[{"href":"https:\/\/shop.ouxadi.fr\/fr\/wp-json\/wp\/v2\/product\/243"}],"collection":[{"href":"https:\/\/shop.ouxadi.fr\/fr\/wp-json\/wp\/v2\/product"}],"about":[{"href":"https:\/\/shop.ouxadi.fr\/fr\/wp-json\/wp\/v2\/types\/product"}],"wp:featuredmedia":[{"embeddable":true,"href":"https:\/\/shop.ouxadi.fr\/fr\/wp-json\/wp\/v2\/media\/1324"}],"wp:attachment":[{"href":"https:\/\/shop.ouxadi.fr\/fr\/wp-json\/wp\/v2\/media?parent=243"}],"wp:term":[{"taxonomy":"product_brand","embeddable":true,"href":"https:\/\/shop.ouxadi.fr\/fr\/wp-json\/wp\/v2\/product_brand?post=243"},{"taxonomy":"product_cat","embeddable":true,"href":"https:\/\/shop.ouxadi.fr\/fr\/wp-json\/wp\/v2\/product_cat?post=243"},{"taxonomy":"product_tag","embeddable":true,"href":"https:\/\/shop.ouxadi.fr\/fr\/wp-json\/wp\/v2\/product_tag?post=243"}],"curies":[{"name":"wp","href":"https:\/\/api.w.org\/{rel}","templated":true}]}}