{"id":245,"date":"2015-08-11T22:01:45","date_gmt":"2015-08-11T22:01:45","guid":{"rendered":"http:\/\/savoy.nordicmade.com\/product\/laptop-bag\/"},"modified":"2024-11-17T14:33:06","modified_gmt":"2024-11-17T14:33:06","slug":"lights-of-marrakech","status":"publish","type":"product","link":"https:\/\/shop.ouxadi.fr\/fr\/produit\/lights-of-marrakech\/","title":{"rendered":"Les lumi\u00e8res de Marrakech"},"content":{"rendered":"<p class=\"p1\">Plongez dans l'ambiance vivante d'un march\u00e9 de Marrakech avec notre impression \"Lumi\u00e8res de Marrakech\". Cette image capture un souk anim\u00e9, vivant \u00e0 la lueur des lampes orn\u00e9es et des teintes vibrantes de l'artisanat. Ressentez l'\u00e9nergie dynamique du march\u00e9 et la lumi\u00e8re chaude du soleil marocain qui \u00e9claire la sc\u00e8ne dans un spectacle magique. Parfaite pour les aventuriers et les r\u00eaveurs, cette impression apporte un peu de l'ambiance marocaine dans votre maison ou votre bureau. Disponible en 30\u00d745 et 50\u00d770 cm, c'est une merveilleuse fa\u00e7on d'inviter l'esprit d'exploration et la richesse culturelle dans votre espace.<\/p>","protected":false},"excerpt":{"rendered":"<p class=\"p1\">Explorez le march\u00e9 anim\u00e9 de Marrakech avec notre imprim\u00e9 \"Lumi\u00e8res de Marrakech\", qui met en valeur l'\u00e9ventail anim\u00e9 de lampes et d'objets artisanaux dans un souk marocain.<\/p>","protected":false},"featured_media":1320,"template":"","meta":{"iawp_total_views":5},"product_brand":[],"product_cat":[63,29],"product_tag":[],"class_list":{"0":"post-245","1":"product","2":"type-product","3":"status-publish","4":"has-post-thumbnail","6":"product_cat-morocco","7":"product_cat-street","9":"first","10":"instock","11":"shipping-taxable","12":"purchasable","13":"product-type-variable"},"_links":{"self":[{"href":"https:\/\/shop.ouxadi.fr\/fr\/wp-json\/wp\/v2\/product\/245"}],"collection":[{"href":"https:\/\/shop.ouxadi.fr\/fr\/wp-json\/wp\/v2\/product"}],"about":[{"href":"https:\/\/shop.ouxadi.fr\/fr\/wp-json\/wp\/v2\/types\/product"}],"wp:featuredmedia":[{"embeddable":true,"href":"https:\/\/shop.ouxadi.fr\/fr\/wp-json\/wp\/v2\/media\/1320"}],"wp:attachment":[{"href":"https:\/\/shop.ouxadi.fr\/fr\/wp-json\/wp\/v2\/media?parent=245"}],"wp:term":[{"taxonomy":"product_brand","embeddable":true,"href":"https:\/\/shop.ouxadi.fr\/fr\/wp-json\/wp\/v2\/product_brand?post=245"},{"taxonomy":"product_cat","embeddable":true,"href":"https:\/\/shop.ouxadi.fr\/fr\/wp-json\/wp\/v2\/product_cat?post=245"},{"taxonomy":"product_tag","embeddable":true,"href":"https:\/\/shop.ouxadi.fr\/fr\/wp-json\/wp\/v2\/product_tag?post=245"}],"curies":[{"name":"wp","href":"https:\/\/api.w.org\/{rel}","templated":true}]}}