{"id":246,"date":"2015-08-11T22:03:35","date_gmt":"2015-08-11T22:03:35","guid":{"rendered":"http:\/\/savoy.nordicmade.com\/product\/door-bumper\/"},"modified":"2024-11-17T14:36:49","modified_gmt":"2024-11-17T14:36:49","slug":"that-man-on-the-bike-marrakech-morocco","status":"publish","type":"product","link":"https:\/\/shop.ouxadi.fr\/fr\/produit\/that-man-on-the-bike-marrakech-morocco\/","title":{"rendered":"L'homme au v\u00e9lo"},"content":{"rendered":"<p class=\"p1\">Capturez la paix quotidienne de Marrakech avec notre tirage \"Cet homme \u00e0 v\u00e9lo\". Cette photographie montre un cycliste solitaire passant devant un b\u00e2timent traditionnel sous un ciel bleu clair, offrant un aper\u00e7u de la vie quotidienne calme de la ville, loin de l'agitation touristique. Les tons terreux du b\u00e2timent et le toit en tuiles vertes qui le caract\u00e9rise refl\u00e8tent le style architectural unique de Marrakech. Cette impression est parfaite pour ceux qui appr\u00e9cient le c\u00f4t\u00e9 simple et tranquille de la vie, apportant un sentiment de tranquillit\u00e9 et de chaleur \u00e0 n'importe quel espace. Disponible dans les formats 30\u00d745 et 50\u00d770 cm, il s'agit d'un beau rappel du rythme lent et r\u00e9gulier de la vie dans les endroits lointains.<\/p>","protected":false},"excerpt":{"rendered":"<p class=\"p1\">Elle met en sc\u00e8ne un cycliste solitaire passant devant un b\u00e2timent traditionnel sous un ciel bleu clair, offrant un aper\u00e7u de la vie quotidienne et calme de la ville, \u00e0 l'\u00e9cart de l'agitation touristique.<\/p>","protected":false},"featured_media":1328,"template":"","meta":{"iawp_total_views":2},"product_brand":[],"product_cat":[63,29],"product_tag":[],"class_list":{"0":"post-246","1":"product","2":"type-product","3":"status-publish","4":"has-post-thumbnail","6":"product_cat-morocco","7":"product_cat-street","9":"first","10":"instock","11":"shipping-taxable","12":"purchasable","13":"product-type-variable"},"_links":{"self":[{"href":"https:\/\/shop.ouxadi.fr\/fr\/wp-json\/wp\/v2\/product\/246"}],"collection":[{"href":"https:\/\/shop.ouxadi.fr\/fr\/wp-json\/wp\/v2\/product"}],"about":[{"href":"https:\/\/shop.ouxadi.fr\/fr\/wp-json\/wp\/v2\/types\/product"}],"wp:featuredmedia":[{"embeddable":true,"href":"https:\/\/shop.ouxadi.fr\/fr\/wp-json\/wp\/v2\/media\/1328"}],"wp:attachment":[{"href":"https:\/\/shop.ouxadi.fr\/fr\/wp-json\/wp\/v2\/media?parent=246"}],"wp:term":[{"taxonomy":"product_brand","embeddable":true,"href":"https:\/\/shop.ouxadi.fr\/fr\/wp-json\/wp\/v2\/product_brand?post=246"},{"taxonomy":"product_cat","embeddable":true,"href":"https:\/\/shop.ouxadi.fr\/fr\/wp-json\/wp\/v2\/product_cat?post=246"},{"taxonomy":"product_tag","embeddable":true,"href":"https:\/\/shop.ouxadi.fr\/fr\/wp-json\/wp\/v2\/product_tag?post=246"}],"curies":[{"name":"wp","href":"https:\/\/api.w.org\/{rel}","templated":true}]}}