{"id":247,"date":"2015-08-11T22:04:57","date_gmt":"2015-08-11T22:04:57","guid":{"rendered":"http:\/\/savoy.nordicmade.com\/product\/press-coffee-maker\/"},"modified":"2024-11-17T14:33:56","modified_gmt":"2024-11-17T14:33:56","slug":"ben-yussef-madrassa","status":"publish","type":"product","link":"https:\/\/shop.ouxadi.fr\/fr\/produit\/ben-yussef-madrassa\/","title":{"rendered":"Madrassa Ben Yussef"},"content":{"rendered":"<p class=\"p1\">Cette estampe capture un moment de calme dans l'historique madrasa Ben Youssef, c\u00e9l\u00e8bre pour ses superbes tuiles et ses arches orn\u00e9es. Imaginez que vous franchissez cette arche et que vous sentez la fra\u00eecheur de la cour ombrag\u00e9e, une \u00e9chappatoire bienvenue \u00e0 l'agitation de la ville. C'est comme si vous aviez un petit morceau de l'\u00e2me de Marrakech dans votre espace de vie ou votre bureau. Disponible en 30\u00d745 et 50\u00d770 cm, cette impression est une belle fa\u00e7on d'apporter une touche de paix marocaine et de beaut\u00e9 architecturale dans votre environnement quotidien.<\/p>","protected":false},"excerpt":{"rendered":"<p class=\"p1\">Les magnifiques arches et l'ambiance calme de la madrasa Ben Youssef sont \u00e0 l'honneur. Parfait pour tous ceux qui cherchent \u00e0 ajouter un soup\u00e7on d'\u00e9l\u00e9gance marocaine et une histoire de charme historique \u00e0 leur espace.<\/p>","protected":false},"featured_media":1318,"template":"","meta":{"iawp_total_views":2},"product_brand":[],"product_cat":[63],"product_tag":[],"class_list":{"0":"post-247","1":"product","2":"type-product","3":"status-publish","4":"has-post-thumbnail","6":"product_cat-morocco","8":"first","9":"instock","10":"featured","11":"shipping-taxable","12":"purchasable","13":"product-type-variable","14":"has-default-attributes"},"_links":{"self":[{"href":"https:\/\/shop.ouxadi.fr\/fr\/wp-json\/wp\/v2\/product\/247"}],"collection":[{"href":"https:\/\/shop.ouxadi.fr\/fr\/wp-json\/wp\/v2\/product"}],"about":[{"href":"https:\/\/shop.ouxadi.fr\/fr\/wp-json\/wp\/v2\/types\/product"}],"wp:featuredmedia":[{"embeddable":true,"href":"https:\/\/shop.ouxadi.fr\/fr\/wp-json\/wp\/v2\/media\/1318"}],"wp:attachment":[{"href":"https:\/\/shop.ouxadi.fr\/fr\/wp-json\/wp\/v2\/media?parent=247"}],"wp:term":[{"taxonomy":"product_brand","embeddable":true,"href":"https:\/\/shop.ouxadi.fr\/fr\/wp-json\/wp\/v2\/product_brand?post=247"},{"taxonomy":"product_cat","embeddable":true,"href":"https:\/\/shop.ouxadi.fr\/fr\/wp-json\/wp\/v2\/product_cat?post=247"},{"taxonomy":"product_tag","embeddable":true,"href":"https:\/\/shop.ouxadi.fr\/fr\/wp-json\/wp\/v2\/product_tag?post=247"}],"curies":[{"name":"wp","href":"https:\/\/api.w.org\/{rel}","templated":true}]}}