{"id":251,"date":"2024-08-11T22:10:00","date_gmt":"2024-08-11T22:10:00","guid":{"rendered":"http:\/\/savoy.nordicmade.com\/product\/lighthouse-lantern\/"},"modified":"2024-10-24T12:55:59","modified_gmt":"2024-10-24T12:55:59","slug":"majestic-mont-blanc-peaks","status":"publish","type":"product","link":"https:\/\/shop.ouxadi.fr\/fr\/produit\/majestic-mont-blanc-peaks\/","title":{"rendered":"Les majestueux sommets du Mont-Blanc"},"content":{"rendered":"<p>Cette photographie \u00e0 couper le souffle capture l'impressionnant Mont Blanc, avec ses imposants sommets enneig\u00e9s \u00e9mergeant des nuages. Le contraste entre les montagnes escarp\u00e9es et la for\u00eat luxuriante en contrebas en fait une \u0153uvre captivante pour tout amoureux de la nature. Disponible en diff\u00e9rentes tailles, cette impression apporte la grandeur des Alpes fran\u00e7aises dans votre maison ou votre bureau.<\/p>","protected":false},"excerpt":{"rendered":"<p>Cette photographie \u00e0 couper le souffle capture l'impressionnant Mont Blanc, avec ses imposants sommets enneig\u00e9s \u00e9mergeant des nuages.<\/p>","protected":false},"featured_media":1261,"template":"","meta":{"iawp_total_views":2},"product_brand":[],"product_cat":[21],"product_tag":[59,58],"class_list":{"0":"post-251","1":"product","2":"type-product","3":"status-publish","4":"has-post-thumbnail","6":"product_cat-nature","7":"product_tag-nature","8":"product_tag-travel","10":"first","11":"instock","12":"sale","13":"featured","14":"shipping-taxable","15":"purchasable","16":"product-type-variable"},"_links":{"self":[{"href":"https:\/\/shop.ouxadi.fr\/fr\/wp-json\/wp\/v2\/product\/251"}],"collection":[{"href":"https:\/\/shop.ouxadi.fr\/fr\/wp-json\/wp\/v2\/product"}],"about":[{"href":"https:\/\/shop.ouxadi.fr\/fr\/wp-json\/wp\/v2\/types\/product"}],"wp:featuredmedia":[{"embeddable":true,"href":"https:\/\/shop.ouxadi.fr\/fr\/wp-json\/wp\/v2\/media\/1261"}],"wp:attachment":[{"href":"https:\/\/shop.ouxadi.fr\/fr\/wp-json\/wp\/v2\/media?parent=251"}],"wp:term":[{"taxonomy":"product_brand","embeddable":true,"href":"https:\/\/shop.ouxadi.fr\/fr\/wp-json\/wp\/v2\/product_brand?post=251"},{"taxonomy":"product_cat","embeddable":true,"href":"https:\/\/shop.ouxadi.fr\/fr\/wp-json\/wp\/v2\/product_cat?post=251"},{"taxonomy":"product_tag","embeddable":true,"href":"https:\/\/shop.ouxadi.fr\/fr\/wp-json\/wp\/v2\/product_tag?post=251"}],"curies":[{"name":"wp","href":"https:\/\/api.w.org\/{rel}","templated":true}]}}