{"id":253,"date":"2015-08-11T22:13:09","date_gmt":"2015-08-11T22:13:09","guid":{"rendered":"http:\/\/savoy.nordicmade.com\/product\/classic-chair\/"},"modified":"2024-10-24T12:56:35","modified_gmt":"2024-10-24T12:56:35","slug":"dynamic-cityscape-with-light-trails-urban-photography-print","status":"publish","type":"product","link":"https:\/\/shop.ouxadi.fr\/fr\/produit\/dynamic-cityscape-with-light-trails-urban-photography-print\/","title":{"rendered":"Dynamique PARIS"},"content":{"rendered":"<p>Cette impression captivante de paysage urbain capture l'essence de la vie urbaine \u00e0 travers une \u00e9tonnante prise de vue \u00e0 longue exposition. Avec les tra\u00een\u00e9es lumineuses des voitures en mouvement sur une rue pluvieuse, cette image met en \u00e9vidence l'\u00e9nergie dynamique d'un paysage urbain de PARIS. La chauss\u00e9e mouill\u00e9e r\u00e9fl\u00e9chissante, l'architecture historique et la composition sym\u00e9trique cr\u00e9ent une sc\u00e8ne atmosph\u00e9rique, m\u00ealant tradition et mouvement moderne. Disponible en diff\u00e9rentes tailles, y compris <strong>30&#215;45<\/strong>, <strong>50&#215;70<\/strong>Cette impression d'art est parfaite pour ajouter une touche moderne et urbaine \u00e0 tout espace de vie ou bureau. \u00c9levez votre int\u00e9rieur avec cette <strong>paysage urbain contemporain<\/strong> de la collection OUXADI.<\/p>","protected":false},"excerpt":{"rendered":"<p>Avec les tra\u00een\u00e9es lumineuses des voitures en mouvement sur une rue pluvieuse, cette image met en \u00e9vidence l'\u00e9nergie dynamique du paysage urbain de Paris. La chauss\u00e9e mouill\u00e9e r\u00e9fl\u00e9chissante, l'architecture historique et la composition sym\u00e9trique cr\u00e9ent une sc\u00e8ne atmosph\u00e9rique, m\u00ealant tradition et mouvement moderne.<\/p>","protected":false},"featured_media":1253,"template":"","meta":{"iawp_total_views":0},"product_brand":[],"product_cat":[29],"product_tag":[62,60,58],"class_list":{"0":"post-253","1":"product","2":"type-product","3":"status-publish","4":"has-post-thumbnail","6":"product_cat-street","7":"product_tag-motion","8":"product_tag-street","9":"product_tag-travel","11":"first","12":"instock","13":"featured","14":"shipping-taxable","15":"purchasable","16":"product-type-variable"},"_links":{"self":[{"href":"https:\/\/shop.ouxadi.fr\/fr\/wp-json\/wp\/v2\/product\/253"}],"collection":[{"href":"https:\/\/shop.ouxadi.fr\/fr\/wp-json\/wp\/v2\/product"}],"about":[{"href":"https:\/\/shop.ouxadi.fr\/fr\/wp-json\/wp\/v2\/types\/product"}],"wp:featuredmedia":[{"embeddable":true,"href":"https:\/\/shop.ouxadi.fr\/fr\/wp-json\/wp\/v2\/media\/1253"}],"wp:attachment":[{"href":"https:\/\/shop.ouxadi.fr\/fr\/wp-json\/wp\/v2\/media?parent=253"}],"wp:term":[{"taxonomy":"product_brand","embeddable":true,"href":"https:\/\/shop.ouxadi.fr\/fr\/wp-json\/wp\/v2\/product_brand?post=253"},{"taxonomy":"product_cat","embeddable":true,"href":"https:\/\/shop.ouxadi.fr\/fr\/wp-json\/wp\/v2\/product_cat?post=253"},{"taxonomy":"product_tag","embeddable":true,"href":"https:\/\/shop.ouxadi.fr\/fr\/wp-json\/wp\/v2\/product_tag?post=253"}],"curies":[{"name":"wp","href":"https:\/\/api.w.org\/{rel}","templated":true}]}}